{"id":85,"date":"2017-10-30T13:12:56","date_gmt":"2017-10-30T13:12:56","guid":{"rendered":"http:\/\/psychotherapie.sandragaertner.com\/?page_id=85"},"modified":"2020-02-14T06:17:44","modified_gmt":"2020-02-14T06:17:44","slug":"anmeldung","status":"publish","type":"page","link":"https:\/\/psychotherapie.sandragaertner.com\/?page_id=85","title":{"rendered":"Anmeldung"},"content":{"rendered":"<p>Sie k\u00f6nnen sich telefonisch unter <strong>0175\/8229122 <\/strong>f\u00fcr eine psychotherapeutische Sprechstunde anmelden.<\/p>\n<p>Nutzen Sie hierf\u00fcr bitte meine telefonische Sprechstunde &#8211; jeweils <strong>Montags von 14-15:40 Uhr (au\u00dfer in den bayrischen Schulferien)<\/strong>, oder sprechen Sie mir bitte auf die Mailbox (bitte mit Angabe Ihres Namens und einer R\u00fcckrufnummer und ggf. Zeit).<\/p>\n<p>Ich bitte um Ihr Verst\u00e4ndnis, dass ich Therapieanfragen per E-Mail nicht beantworte.<\/p>\n<p>In sehr dringenden F\u00e4llen, oder au\u00dferhalb der Praxis\u00f6ffnungszeiten, bei denen die Vorstellung in einem psychiatrischen Krankenhaus erforderlich erscheint, wenden Sie sich bitte an den \u00e4rztlichen Bereitschaftsdienst: 116 117.<\/p>\n","protected":false},"excerpt":{"rendered":"<p>Sie k\u00f6nnen sich telefonisch unter 0175\/8229122 f\u00fcr eine psychotherapeutische Sprechstunde anmelden. Nutzen Sie hierf\u00fcr bitte meine telefonische Sprechstunde &#8211; jeweils Montags von 14-15:40 Uhr (au\u00dfer in den bayrischen Schulferien), oder sprechen Sie mir bitte auf die Mailbox (bitte mit Angabe Ihres Namens und einer R\u00fcckrufnummer und ggf. Zeit). Ich bitte um Ihr Verst\u00e4ndnis, dass ich &hellip; <\/p>\n<p class=\"link-more\"><a href=\"https:\/\/psychotherapie.sandragaertner.com\/?page_id=85\" class=\"more-link\"><span class=\"screen-reader-text\">\u201eAnmeldung\u201c<\/span> weiterlesen<\/a><\/p>\n","protected":false},"author":1,"featured_media":0,"parent":0,"menu_order":0,"comment_status":"closed","ping_status":"closed","template":"","meta":{"footnotes":""},"_links":{"self":[{"href":"https:\/\/psychotherapie.sandragaertner.com\/index.php?rest_route=\/wp\/v2\/pages\/85"}],"collection":[{"href":"https:\/\/psychotherapie.sandragaertner.com\/index.php?rest_route=\/wp\/v2\/pages"}],"about":[{"href":"https:\/\/psychotherapie.sandragaertner.com\/index.php?rest_route=\/wp\/v2\/types\/page"}],"author":[{"embeddable":true,"href":"https:\/\/psychotherapie.sandragaertner.com\/index.php?rest_route=\/wp\/v2\/users\/1"}],"replies":[{"embeddable":true,"href":"https:\/\/psychotherapie.sandragaertner.com\/index.php?rest_route=%2Fwp%2Fv2%2Fcomments&post=85"}],"version-history":[{"count":10,"href":"https:\/\/psychotherapie.sandragaertner.com\/index.php?rest_route=\/wp\/v2\/pages\/85\/revisions"}],"predecessor-version":[{"id":229,"href":"https:\/\/psychotherapie.sandragaertner.com\/index.php?rest_route=\/wp\/v2\/pages\/85\/revisions\/229"}],"wp:attachment":[{"href":"https:\/\/psychotherapie.sandragaertner.com\/index.php?rest_route=%2Fwp%2Fv2%2Fmedia&parent=85"}],"curies":[{"name":"wp","href":"https:\/\/api.w.org\/{rel}","templated":true}]}}