{"id":66,"date":"2017-10-30T07:07:56","date_gmt":"2017-10-30T07:07:56","guid":{"rendered":"http:\/\/psychotherapie.sandragaertner.com\/?page_id=66"},"modified":"2024-06-11T04:51:53","modified_gmt":"2024-06-11T04:51:53","slug":"impressum","status":"publish","type":"page","link":"https:\/\/psychotherapie.sandragaertner.com\/?page_id=66","title":{"rendered":"Impressum"},"content":{"rendered":"<p>Psychotherapeutische Praxis<br \/>\nSandra G\u00e4rtner<br \/>\n<strong>(ab 03.07.2024)<\/strong> Franz-Joseph-Str. 48<br \/>\n80801 M\u00fcnchen &#8211; Schwabing<br \/>\nTelefon: 0175\/8229122<br \/>\nE-Mail: therapie(at)sandragaertner.de<\/p>\n<p>Betriebsst\u00e4ttennummer (BSNR): 636968200<br \/>\nLebenslange Arztnummer (LANR):\u00a0 110447268<\/p>\n<p>Gesetzliche Berufsbezeichnung:<br \/>\nPsychologische Psychotherapeutin verliehen in der Bundesrepublik Deutschland, zust\u00e4ndige Approbationsbeh\u00f6rde: Regierung von Oberbayern<\/p>\n<p>Zust\u00e4ndige Kammer:<br \/>\nBayerische Landeskammer der Psychologischen Psychotherapeuten und der Kinder-und Jugendlichentherapeuten (PTK Bayern)<br \/>\nK\u00f6rperschaft des \u00f6ffentlichen Rechts<br \/>\nBirketweg 30<br \/>\n80639 M\u00fcnchen<br \/>\nwww.ptk-bayern.de<\/p>\n<p>Berufsrechtliche Regelungen:<br \/>\nBerufsordnung f\u00fcr die Psychologischen Psychotherapeuten und f\u00fcr die Kinder- und Jugendlichenpsychotherapeuten<br \/>\nDie Regelungen finden sich unter www.bptk-bayern.de.<\/p>\n<p>Berufs-Haftpflichtversicherung:<br \/>\nGenerali Versicherung AG<br \/>\n81731 M\u00fcnchen<br \/>\nGeltungsbereich: Deutschland<\/p>\n<p>Steuer-Identifikationsnummer: 109\/219\/10040<\/p>\n<p>Der Inhalt der Webseite dient ausschlie\u00dflich zur Information und stellt keine Behandlung dar. Sie ersetzt keine psychotherapeutische\u00a0 Behandlung.<\/p>\n","protected":false},"excerpt":{"rendered":"<p>Psychotherapeutische Praxis Sandra G\u00e4rtner (ab 03.07.2024) Franz-Joseph-Str. 48 80801 M\u00fcnchen &#8211; Schwabing Telefon: 0175\/8229122 E-Mail: therapie(at)sandragaertner.de Betriebsst\u00e4ttennummer (BSNR): 636968200 Lebenslange Arztnummer (LANR):\u00a0 110447268 Gesetzliche Berufsbezeichnung: Psychologische Psychotherapeutin verliehen in der Bundesrepublik Deutschland, zust\u00e4ndige Approbationsbeh\u00f6rde: Regierung von Oberbayern Zust\u00e4ndige Kammer: Bayerische Landeskammer der Psychologischen Psychotherapeuten und der Kinder-und Jugendlichentherapeuten (PTK Bayern) K\u00f6rperschaft des \u00f6ffentlichen Rechts Birketweg &hellip; <\/p>\n<p class=\"link-more\"><a href=\"https:\/\/psychotherapie.sandragaertner.com\/?page_id=66\" class=\"more-link\"><span class=\"screen-reader-text\">\u201eImpressum\u201c<\/span> weiterlesen<\/a><\/p>\n","protected":false},"author":1,"featured_media":0,"parent":0,"menu_order":0,"comment_status":"closed","ping_status":"closed","template":"","meta":{"footnotes":""},"_links":{"self":[{"href":"https:\/\/psychotherapie.sandragaertner.com\/index.php?rest_route=\/wp\/v2\/pages\/66"}],"collection":[{"href":"https:\/\/psychotherapie.sandragaertner.com\/index.php?rest_route=\/wp\/v2\/pages"}],"about":[{"href":"https:\/\/psychotherapie.sandragaertner.com\/index.php?rest_route=\/wp\/v2\/types\/page"}],"author":[{"embeddable":true,"href":"https:\/\/psychotherapie.sandragaertner.com\/index.php?rest_route=\/wp\/v2\/users\/1"}],"replies":[{"embeddable":true,"href":"https:\/\/psychotherapie.sandragaertner.com\/index.php?rest_route=%2Fwp%2Fv2%2Fcomments&post=66"}],"version-history":[{"count":9,"href":"https:\/\/psychotherapie.sandragaertner.com\/index.php?rest_route=\/wp\/v2\/pages\/66\/revisions"}],"predecessor-version":[{"id":259,"href":"https:\/\/psychotherapie.sandragaertner.com\/index.php?rest_route=\/wp\/v2\/pages\/66\/revisions\/259"}],"wp:attachment":[{"href":"https:\/\/psychotherapie.sandragaertner.com\/index.php?rest_route=%2Fwp%2Fv2%2Fmedia&parent=66"}],"curies":[{"name":"wp","href":"https:\/\/api.w.org\/{rel}","templated":true}]}}