{"id":34,"date":"2017-10-29T18:46:58","date_gmt":"2017-10-29T18:46:58","guid":{"rendered":"http:\/\/psychotherapie.sandragaertner.com\/?page_id=34"},"modified":"2017-10-30T20:39:05","modified_gmt":"2017-10-30T20:39:05","slug":"noch-was","status":"publish","type":"page","link":"https:\/\/psychotherapie.sandragaertner.com\/?page_id=34","title":{"rendered":"Therapie"},"content":{"rendered":"<p>Ich biete Ihnen diagnostische und therapeutische Hilfe, bei folgenden psychischen Erkrankungen:<\/p>\n<ul>\n<li>Affektive St\u00f6rungen (z.B. Depression)<\/li>\n<li>Zwangserkrankungen<\/li>\n<li>Angstst\u00f6rungen (z.B. Phobie, Panikst\u00f6rung)<\/li>\n<li>Anpassungsst\u00f6rungen als Reaktion auf schwere Belastungen (z.B. Posttraumatische St\u00f6rungen, chronische Erkrankungen, u.v.m.)<\/li>\n<li>somatoforme St\u00f6rungen (z.B. Somatisierungsst\u00f6rungen oder somatoforme Schmerzst\u00f6rung)<\/li>\n<li>Schlafst\u00f6rungen<\/li>\n<li>Interaktionsst\u00f6rungen<\/li>\n<li>Lebens- und Berufskrisen (z.B. Burn-out)<\/li>\n<\/ul>\n<p>Zum Selbstverst\u00e4ndnis der Praxis geh\u00f6rt es, mich regelm\u00e4\u00dfig fortzubilden und an Qualit\u00e4tszirkeln teilzunehmen.\u00a0 Alle Therapien werden nach den aktuell geltenden Leitlinien durchgef\u00fchrt.<\/p>\n<p><strong>Verhaltenstherapie<\/strong><\/p>\n<p>Grundlage meiner Behandlung ist die\u00a0kognitive Verhaltenstherapie\u00a0&#8211; das Therapieverfahren, dessen Wirksamkeit durch wissenschaftliche Untersuchungen besonders gut belegt ist. Mein Ziel ist es, gemeinsam mit Ihnen in einem\u00a0\u00fcberschaubaren Zeitrahmen\u00a0m\u00f6glichst\u00a0konkrete und praktische L\u00f6sungswege\u00a0zu erarbeiten.<\/p>\n<p>In der Verhaltenstherapie geht man davon aus, dass bestimmte Einstellungen und Verhaltensmuster, die zur Entwicklung psychischer Beschwerden und Probleme gef\u00fchrt haben, erlernt sind und daher auch wieder verlernt werden k\u00f6nnen.<br \/>\nUm dies zu erreichen, bieten ich Ihnen konkrete Unterst\u00fctzung im Umgang mit schwierigen Lebenssituationen und Krisen und Belastungen an. Ich biete Gespr\u00e4che und eine Vielzahl von bew\u00e4hrten Verfahren an, die zum Teil auch au\u00dferhalb der Therapiesitzungen oder als \u00bbHausaufgaben\u00ab durchgef\u00fchrt werden, um mit\u00a0m\u00f6glichst wenigen Sitzungen einen m\u00f6glichst nachhaltigen Erfolg\u00a0zu erreichen.<br \/>\nDie Grundhaltung meiner Arbeit besteht darin, Ihnen auf eine f\u00fcr Sie transparente Art und Weise dabei zu helfen, eigenverantwortlich\u00a0eine aktive Rolle einzunehmen.\u00a0 Ihre Bereitschaft, Ver\u00e4nderungen anzustreben halte ich ma\u00dfgeblich f\u00fcr den Therapieerfolg.<\/p>\n","protected":false},"excerpt":{"rendered":"<p>Ich biete Ihnen diagnostische und therapeutische Hilfe, bei folgenden psychischen Erkrankungen: Affektive St\u00f6rungen (z.B. Depression) Zwangserkrankungen Angstst\u00f6rungen (z.B. Phobie, Panikst\u00f6rung) Anpassungsst\u00f6rungen als Reaktion auf schwere Belastungen (z.B. Posttraumatische St\u00f6rungen, chronische Erkrankungen, u.v.m.) somatoforme St\u00f6rungen (z.B. Somatisierungsst\u00f6rungen oder somatoforme Schmerzst\u00f6rung) Schlafst\u00f6rungen Interaktionsst\u00f6rungen Lebens- und Berufskrisen (z.B. Burn-out) Zum Selbstverst\u00e4ndnis der Praxis geh\u00f6rt es, mich regelm\u00e4\u00dfig fortzubilden &hellip; <\/p>\n<p class=\"link-more\"><a href=\"https:\/\/psychotherapie.sandragaertner.com\/?page_id=34\" class=\"more-link\"><span class=\"screen-reader-text\">\u201eTherapie\u201c<\/span> weiterlesen<\/a><\/p>\n","protected":false},"author":1,"featured_media":0,"parent":0,"menu_order":0,"comment_status":"closed","ping_status":"closed","template":"","meta":{"footnotes":""},"_links":{"self":[{"href":"https:\/\/psychotherapie.sandragaertner.com\/index.php?rest_route=\/wp\/v2\/pages\/34"}],"collection":[{"href":"https:\/\/psychotherapie.sandragaertner.com\/index.php?rest_route=\/wp\/v2\/pages"}],"about":[{"href":"https:\/\/psychotherapie.sandragaertner.com\/index.php?rest_route=\/wp\/v2\/types\/page"}],"author":[{"embeddable":true,"href":"https:\/\/psychotherapie.sandragaertner.com\/index.php?rest_route=\/wp\/v2\/users\/1"}],"replies":[{"embeddable":true,"href":"https:\/\/psychotherapie.sandragaertner.com\/index.php?rest_route=%2Fwp%2Fv2%2Fcomments&post=34"}],"version-history":[{"count":8,"href":"https:\/\/psychotherapie.sandragaertner.com\/index.php?rest_route=\/wp\/v2\/pages\/34\/revisions"}],"predecessor-version":[{"id":154,"href":"https:\/\/psychotherapie.sandragaertner.com\/index.php?rest_route=\/wp\/v2\/pages\/34\/revisions\/154"}],"wp:attachment":[{"href":"https:\/\/psychotherapie.sandragaertner.com\/index.php?rest_route=%2Fwp%2Fv2%2Fmedia&parent=34"}],"curies":[{"name":"wp","href":"https:\/\/api.w.org\/{rel}","templated":true}]}}