{"id":17,"date":"2017-10-29T18:21:36","date_gmt":"2017-10-29T18:21:36","guid":{"rendered":"http:\/\/psychotherapie.sandragaertner.com\/?page_id=17"},"modified":"2017-10-30T20:40:30","modified_gmt":"2017-10-30T20:40:30","slug":"dritter-punkt","status":"publish","type":"page","link":"https:\/\/psychotherapie.sandragaertner.com\/?page_id=17","title":{"rendered":"Kosten"},"content":{"rendered":"<p><strong>Gesetzliche Krankenkassen<\/strong>:\u2028 Es besteht bei\u00a0allen gesetzlichen Kassen die M\u00f6glichkeit zur Abrechnung. In der Regel werden die Kosten von der gesetzlichen Krankenversicherung \u00fcbernommen.\u00a0Bei gesetzlich versicherten Patienten ben\u00f6tige ich zu Beginn jedes Behandlungs-Quartals die Krankenkassenkarte.<\/p>\n<p><strong>Private Krankenkassen<\/strong>:\u00a0\u2028Die Honorierung orientiert sich an der Geb\u00fchrenordnung f\u00fcr Psychotherapeuten (GOP). Die Kosten werden in der Regel von den privaten Krankenkassen bzw. den Beihilfestellen \u00fcbernommen. Als\u00a0Privatversicherter\u00a0h\u00e4ngt die Kostenerstattung immer von Ihrem Vertrag ab, den Sie mit Ihrer Krankenversicherung abgeschlossen haben. Bitte erkundigen Sie sich vor Antritt der Therapie, ob Ihre private Krankenversicherung die Kosten f\u00fcr die Behandlung bei einem Psychologischen Psychotherapeuten \u00fcbernimmt und ob ein entsprechender Antrag notwendig ist.<\/p>\n<p><strong>Selbstzahler<\/strong>:\u00a0\u2028Selbstverst\u00e4ndlich k\u00f6nnen Sie die Kosten einer Psychotherapie selbst \u00fcbernehmen.\u00a0Als Selbstzahler spielen Formalit\u00e4ten f\u00fcr Sie keine Rolle.<\/p>\n<p><strong>Absagen<\/strong>: Bei nicht rechtzeitig abgesagten Terminen im Rahmen verbindlich vereinbarter Behandlungen berechne ich ein privat zu zahlendes Ausfallhonorar entsprechend dem unterzeichneten Behandlungsvertrag.<\/p>\n","protected":false},"excerpt":{"rendered":"<p>Gesetzliche Krankenkassen:\u2028 Es besteht bei\u00a0allen gesetzlichen Kassen die M\u00f6glichkeit zur Abrechnung. In der Regel werden die Kosten von der gesetzlichen Krankenversicherung \u00fcbernommen.\u00a0Bei gesetzlich versicherten Patienten ben\u00f6tige ich zu Beginn jedes Behandlungs-Quartals die Krankenkassenkarte. Private Krankenkassen:\u00a0\u2028Die Honorierung orientiert sich an der Geb\u00fchrenordnung f\u00fcr Psychotherapeuten (GOP). Die Kosten werden in der Regel von den privaten Krankenkassen bzw. &hellip; <\/p>\n<p class=\"link-more\"><a href=\"https:\/\/psychotherapie.sandragaertner.com\/?page_id=17\" class=\"more-link\"><span class=\"screen-reader-text\">\u201eKosten\u201c<\/span> weiterlesen<\/a><\/p>\n","protected":false},"author":1,"featured_media":0,"parent":0,"menu_order":3,"comment_status":"closed","ping_status":"closed","template":"","meta":{"footnotes":""},"_links":{"self":[{"href":"https:\/\/psychotherapie.sandragaertner.com\/index.php?rest_route=\/wp\/v2\/pages\/17"}],"collection":[{"href":"https:\/\/psychotherapie.sandragaertner.com\/index.php?rest_route=\/wp\/v2\/pages"}],"about":[{"href":"https:\/\/psychotherapie.sandragaertner.com\/index.php?rest_route=\/wp\/v2\/types\/page"}],"author":[{"embeddable":true,"href":"https:\/\/psychotherapie.sandragaertner.com\/index.php?rest_route=\/wp\/v2\/users\/1"}],"replies":[{"embeddable":true,"href":"https:\/\/psychotherapie.sandragaertner.com\/index.php?rest_route=%2Fwp%2Fv2%2Fcomments&post=17"}],"version-history":[{"count":8,"href":"https:\/\/psychotherapie.sandragaertner.com\/index.php?rest_route=\/wp\/v2\/pages\/17\/revisions"}],"predecessor-version":[{"id":155,"href":"https:\/\/psychotherapie.sandragaertner.com\/index.php?rest_route=\/wp\/v2\/pages\/17\/revisions\/155"}],"wp:attachment":[{"href":"https:\/\/psychotherapie.sandragaertner.com\/index.php?rest_route=%2Fwp%2Fv2%2Fmedia&parent=17"}],"curies":[{"name":"wp","href":"https:\/\/api.w.org\/{rel}","templated":true}]}}