{"id":10,"date":"2017-10-29T18:17:33","date_gmt":"2017-10-29T18:17:33","guid":{"rendered":"http:\/\/psychotherapie.sandragaertner.com\/?page_id=10"},"modified":"2020-02-10T19:17:11","modified_gmt":"2020-02-10T19:17:11","slug":"zweiter-punkt","status":"publish","type":"page","link":"https:\/\/psychotherapie.sandragaertner.com\/?page_id=10","title":{"rendered":"Werdegang"},"content":{"rendered":"<p><img loading=\"lazy\" decoding=\"async\" class=\"alignnone size-medium wp-image-221\" src=\"http:\/\/psychotherapie.sandragaertner.com\/wp-content\/uploads\/2020\/02\/Sandra-Gaertner-Psychotherapie-Muenchen-Schwabing-Portrait-1-300x200.jpeg\" alt=\"\" width=\"300\" height=\"200\" srcset=\"https:\/\/psychotherapie.sandragaertner.com\/wp-content\/uploads\/2020\/02\/Sandra-Gaertner-Psychotherapie-Muenchen-Schwabing-Portrait-1-300x200.jpeg 300w, https:\/\/psychotherapie.sandragaertner.com\/wp-content\/uploads\/2020\/02\/Sandra-Gaertner-Psychotherapie-Muenchen-Schwabing-Portrait-1.jpeg 720w\" sizes=\"(max-width: 300px) 100vw, 300px\" \/><\/p>\n<p><em><strong>Sandra G\u00e4rtner<\/strong><\/em><br \/>\n<strong><em>Diplom-Psychologin<br \/>\nPsychologische Psychotherapeutin<\/em><\/strong><\/p>\n<p>Studium<\/p>\n<ul>\n<li>Studium der Psychologie an der Bayerischen Julius-Maximilians-Universit\u00e4t in W\u00fcrzburg und an der RWTH Aachen, Abschlu\u00df: Diplom<\/li>\n<li>Wissenschaftliche T\u00e4tigkeit zu den Themen Ergonomie und Gesundheitsmanagement an der RWTH Aachen<\/li>\n<\/ul>\n<p>Klinische und ambulante T\u00e4tigkeiten<\/p>\n<ul>\n<li>Seit 01.07.19 niedergelassen in eigener Praxis in M\u00fcnchen Stadt<\/li>\n<li>Von 2016-2019 niedergelassen als Psychologische Psychotherapeutin im Landkreis Dillingen mit halben Kassensitz<\/li>\n<li>Angestellt als Sicherstellungsassistenz und im Jobsharing im Psychotherapiezentrum in der R\u00f6merstra\u00dfe 33, 80803 M\u00fcnchen (2015-2019)<\/li>\n<li>Therapeutisch-klinische T\u00e4tigkeit am Krankenhaus f\u00fcr Psychiatrie und Psychotherapie Schloss Werneck und am Klinikum Tauberbischofsheim<\/li>\n<li>Ambulante therapeutische T\u00e4tigkeit seit 2013<\/li>\n<\/ul>\n<p>Zusatzqualifikation:<\/p>\n<ul>\n<li>Verhaltenstherapeutische Zusatzausbildung am CIP (Centrum f\u00fcr Integrative Verhaltenstherapie) in Bamberg (2011-2015)<\/li>\n<\/ul>\n<p>Mitgliedschaften:<\/p>\n<ul>\n<li>Bayerische Landeskammer der Psychologischen Psychotherapeuten und Kinder- und Jugendlichentherapeuten (PTK Bayern)<\/li>\n<li>Deutsche Psychotherapeuten Vereinigung (DPtV)<\/li>\n<\/ul>\n<p>Berufsrechtliches:<\/p>\n<ul>\n<li>Eintrag ins Arztregister (KV Bayern\/Unterfranken; Eintragungsnummer: 6700742; LANR 110447268)<\/li>\n<li>Approbiert seit 2015 durch die Kassen\u00e4rztliche Vereinigung Bayern mit dem Fachkundenachweis Verhaltenstherapie bei Erwachsenen<\/li>\n<\/ul>\n<p>Spezialisierung:<\/p>\n<ul>\n<li>Angst- und Zwangsst\u00f6rungen<\/li>\n<li>Schlafst\u00f6rungen<\/li>\n<\/ul>\n","protected":false},"excerpt":{"rendered":"<p>Sandra G\u00e4rtner Diplom-Psychologin Psychologische Psychotherapeutin Studium Studium der Psychologie an der Bayerischen Julius-Maximilians-Universit\u00e4t in W\u00fcrzburg und an der RWTH Aachen, Abschlu\u00df: Diplom Wissenschaftliche T\u00e4tigkeit zu den Themen Ergonomie und Gesundheitsmanagement an der RWTH Aachen Klinische und ambulante T\u00e4tigkeiten Seit 01.07.19 niedergelassen in eigener Praxis in M\u00fcnchen Stadt Von 2016-2019 niedergelassen als Psychologische Psychotherapeutin im Landkreis &hellip; <\/p>\n<p class=\"link-more\"><a href=\"https:\/\/psychotherapie.sandragaertner.com\/?page_id=10\" class=\"more-link\"><span class=\"screen-reader-text\">\u201eWerdegang\u201c<\/span> weiterlesen<\/a><\/p>\n","protected":false},"author":1,"featured_media":0,"parent":0,"menu_order":0,"comment_status":"closed","ping_status":"closed","template":"","meta":{"footnotes":""},"_links":{"self":[{"href":"https:\/\/psychotherapie.sandragaertner.com\/index.php?rest_route=\/wp\/v2\/pages\/10"}],"collection":[{"href":"https:\/\/psychotherapie.sandragaertner.com\/index.php?rest_route=\/wp\/v2\/pages"}],"about":[{"href":"https:\/\/psychotherapie.sandragaertner.com\/index.php?rest_route=\/wp\/v2\/types\/page"}],"author":[{"embeddable":true,"href":"https:\/\/psychotherapie.sandragaertner.com\/index.php?rest_route=\/wp\/v2\/users\/1"}],"replies":[{"embeddable":true,"href":"https:\/\/psychotherapie.sandragaertner.com\/index.php?rest_route=%2Fwp%2Fv2%2Fcomments&post=10"}],"version-history":[{"count":16,"href":"https:\/\/psychotherapie.sandragaertner.com\/index.php?rest_route=\/wp\/v2\/pages\/10\/revisions"}],"predecessor-version":[{"id":223,"href":"https:\/\/psychotherapie.sandragaertner.com\/index.php?rest_route=\/wp\/v2\/pages\/10\/revisions\/223"}],"wp:attachment":[{"href":"https:\/\/psychotherapie.sandragaertner.com\/index.php?rest_route=%2Fwp%2Fv2%2Fmedia&parent=10"}],"curies":[{"name":"wp","href":"https:\/\/api.w.org\/{rel}","templated":true}]}}